{"id":2,"date":"2025-09-15T09:33:45","date_gmt":"2025-09-15T09:33:45","guid":{"rendered":"http:\/\/souscrire-energie.fr\/?page_id=2"},"modified":"2025-09-16T15:30:16","modified_gmt":"2025-09-16T15:30:16","slug":"sample-page","status":"publish","type":"page","link":"https:\/\/www.souscrire-energie.fr\/","title":{"rendered":"Souscrivez votre contrat d\u2019\u00e9lectricit\u00e9 par t\u00e9l\u00e9phone"},"content":{"rendered":"\n<p><\/p>\n\n\n\n<p class=\"has-text-align-center\">Bienvenue sur notre site \u00ab\u00a0Souscrire Energie\u00a0\u00bb d\u00e9di\u00e9 \u00e0 la souscription de contrat de gaz et d&rsquo;\u00e9lectricit\u00e9 par t\u00e9l\u00e9phone.<br><br>Appelez nous au <strong><u>09 70 71 84 01<\/u><\/strong> du lundi au vendredi de 9h \u00e0 19h (appel non surtax\u00e9).<\/p>\n\n\n\n<p class=\"has-text-align-center\">Que vous soyez en plein d\u00e9m\u00e9nagement ou simplement \u00e0 la recherche d\u2019un fournisseur plus avantageux, nous vous accompagnons pas \u00e0 pas.<\/p>\n\n\n\n<p class=\"has-text-align-center\">Souscrire un contrat d\u2019\u00e9lectricit\u00e9 n\u2019a jamais \u00e9t\u00e9 aussi simple.<br>En quelques minutes seulement, vous comparez les offres et trouvez celle qui correspond \u00e0 vos besoins avec un conseiller expert au t\u00e9l\u00e9phone..<br>Notre objectif : vous faire gagner du temps et r\u00e9duire vos factures.<\/p>\n\n\n\n<p class=\"has-text-align-center\"><\/p>\n\n\n\n<p><\/p>\n\n\n\n<figure class=\"wp-block-image aligncenter is-resized\"><img decoding=\"async\" src=\"https:\/\/www.souscrire-energie.fr\/wp-content\/uploads\/2025\/09\/teleconseillere-souscrire-energie.jpg\" alt=\"\" style=\"width:335px;height:auto\"\/><\/figure>\n\n\n\n<p class=\"has-text-align-center\">Avec notre \u00e9quipe de t\u00e9l\u00e9conseillers, souscrire un contrat d&rsquo;\u00e9lectricit\u00e9 devient rapide et vous permet de r\u00e9aliser des \u00e9conomies.<br>Appelez nous au <strong>09 70 71 84 01<\/strong> du lundi au vendredi de 9h \u00e0 19h (appel non surtax\u00e9).<\/p>\n\n\n\n<figure class=\"wp-block-image aligncenter size-full\"><img decoding=\"async\" width=\"400\" height=\"88\" src=\"https:\/\/www.souscrire-energie.fr\/wp-content\/uploads\/2025\/09\/logo-3-souscrire-energie.jpg\" alt=\"\" class=\"wp-image-91\" srcset=\"https:\/\/www.souscrire-energie.fr\/wp-content\/uploads\/2025\/09\/logo-3-souscrire-energie.jpg 400w, https:\/\/www.souscrire-energie.fr\/wp-content\/uploads\/2025\/09\/logo-3-souscrire-energie-300x66.jpg 300w\" sizes=\"(max-width: 400px) 100vw, 400px\" \/><\/figure>\n\n\n\n<p>&nbsp;<\/p>\n\n\n\n<p><\/p>\n","protected":false},"excerpt":{"rendered":"<p>Bienvenue sur notre site \u00ab\u00a0Souscrire Energie\u00a0\u00bb d\u00e9di\u00e9 \u00e0 la souscription de contrat de gaz et d&rsquo;\u00e9lectricit\u00e9 par t\u00e9l\u00e9phone. Appelez nous au 09 70 71 84 01 du lundi au vendredi de 9h \u00e0 19h (appel non surtax\u00e9). Que vous soyez en plein d\u00e9m\u00e9nagement ou simplement \u00e0 la recherche d\u2019un fournisseur plus avantageux, nous vous accompagnons [&hellip;]<\/p>\n","protected":false},"author":1,"featured_media":0,"parent":0,"menu_order":0,"comment_status":"closed","ping_status":"closed","template":"","meta":{"footnotes":""},"class_list":["post-2","page","type-page","status-publish","hentry"],"_links":{"self":[{"href":"https:\/\/www.souscrire-energie.fr\/index.php?rest_route=\/wp\/v2\/pages\/2","targetHints":{"allow":["GET"]}}],"collection":[{"href":"https:\/\/www.souscrire-energie.fr\/index.php?rest_route=\/wp\/v2\/pages"}],"about":[{"href":"https:\/\/www.souscrire-energie.fr\/index.php?rest_route=\/wp\/v2\/types\/page"}],"author":[{"embeddable":true,"href":"https:\/\/www.souscrire-energie.fr\/index.php?rest_route=\/wp\/v2\/users\/1"}],"replies":[{"embeddable":true,"href":"https:\/\/www.souscrire-energie.fr\/index.php?rest_route=%2Fwp%2Fv2%2Fcomments&post=2"}],"version-history":[{"count":27,"href":"https:\/\/www.souscrire-energie.fr\/index.php?rest_route=\/wp\/v2\/pages\/2\/revisions"}],"predecessor-version":[{"id":129,"href":"https:\/\/www.souscrire-energie.fr\/index.php?rest_route=\/wp\/v2\/pages\/2\/revisions\/129"}],"wp:attachment":[{"href":"https:\/\/www.souscrire-energie.fr\/index.php?rest_route=%2Fwp%2Fv2%2Fmedia&parent=2"}],"curies":[{"name":"wp","href":"https:\/\/api.w.org\/{rel}","templated":true}]}}