{"id":36,"date":"2025-09-15T14:16:30","date_gmt":"2025-09-15T14:16:30","guid":{"rendered":"https:\/\/www.souscrire-energie.fr\/?page_id=36"},"modified":"2025-09-15T14:52:43","modified_gmt":"2025-09-15T14:52:43","slug":"mentions-legales","status":"publish","type":"page","link":"https:\/\/www.souscrire-energie.fr\/?page_id=36","title":{"rendered":"Mentions l\u00e9gales"},"content":{"rendered":"\n<p>Le site Souscrire-Energie.fr est \u00e9dit\u00e9 par la soci\u00e9t\u00e9 Hirondelle Connect.<br><br>Hirondelle Connect est une soci\u00e9t\u00e9 par Actions Simplifi\u00e9e au capital de 1000,00 \u20ac<br>Siret : 991 088 568<\/p>\n\n\n\n<p>Soci\u00e9t\u00e9 immatricul\u00e9e au RCS de Paris sous le num\u00e9ro 991 088 568.<\/p>\n\n\n\n<p>Adresse : 1 rue de Stockholm &#8211; 75 008 PARIS<\/p>\n\n\n\n<p>Responsable de la publication : Fr\u00e9d\u00e9ric GIBOURDEL<\/p>\n\n\n\n<p>Site h\u00e9berg\u00e9 par OVH<\/p>\n\n\n\n<p>Contact : 09 70 71 84 01<\/p>\n\n\n\n<p><\/p>\n","protected":false},"excerpt":{"rendered":"<p>Le site Souscrire-Energie.fr est \u00e9dit\u00e9 par la soci\u00e9t\u00e9 Hirondelle Connect. Hirondelle Connect est une soci\u00e9t\u00e9 par Actions Simplifi\u00e9e au capital de 1000,00 \u20acSiret : 991 088 568 Soci\u00e9t\u00e9 immatricul\u00e9e au RCS de Paris sous le num\u00e9ro 991 088 568. Adresse : 1 rue de Stockholm &#8211; 75 008 PARIS Responsable de la publication : Fr\u00e9d\u00e9ric [&hellip;]<\/p>\n","protected":false},"author":1,"featured_media":0,"parent":0,"menu_order":0,"comment_status":"closed","ping_status":"closed","template":"","meta":{"footnotes":""},"class_list":["post-36","page","type-page","status-publish","hentry"],"_links":{"self":[{"href":"https:\/\/www.souscrire-energie.fr\/index.php?rest_route=\/wp\/v2\/pages\/36","targetHints":{"allow":["GET"]}}],"collection":[{"href":"https:\/\/www.souscrire-energie.fr\/index.php?rest_route=\/wp\/v2\/pages"}],"about":[{"href":"https:\/\/www.souscrire-energie.fr\/index.php?rest_route=\/wp\/v2\/types\/page"}],"author":[{"embeddable":true,"href":"https:\/\/www.souscrire-energie.fr\/index.php?rest_route=\/wp\/v2\/users\/1"}],"replies":[{"embeddable":true,"href":"https:\/\/www.souscrire-energie.fr\/index.php?rest_route=%2Fwp%2Fv2%2Fcomments&post=36"}],"version-history":[{"count":2,"href":"https:\/\/www.souscrire-energie.fr\/index.php?rest_route=\/wp\/v2\/pages\/36\/revisions"}],"predecessor-version":[{"id":49,"href":"https:\/\/www.souscrire-energie.fr\/index.php?rest_route=\/wp\/v2\/pages\/36\/revisions\/49"}],"wp:attachment":[{"href":"https:\/\/www.souscrire-energie.fr\/index.php?rest_route=%2Fwp%2Fv2%2Fmedia&parent=36"}],"curies":[{"name":"wp","href":"https:\/\/api.w.org\/{rel}","templated":true}]}}